{"id":651,"date":"2022-01-25T12:52:44","date_gmt":"2022-01-25T11:52:44","guid":{"rendered":"https:\/\/www.ilgottino.it\/?page_id=651"},"modified":"2022-05-02T15:34:45","modified_gmt":"2022-05-02T13:34:45","slug":"events-and-news","status":"publish","type":"page","link":"https:\/\/www.ilgottino.it\/en\/events-and-news\/","title":{"rendered":"Events and News"},"content":{"rendered":"<section class=\"l-section wpb_row section-hero page-header height_auto with_img\"><div class=\"l-section-img\" role=\"img\" aria-label=\"ilgottino-nostri-vini\" data-img-width=\"2560\" data-img-height=\"787\" style=\"background-image: url(https:\/\/www.ilgottino.it\/wp-content\/uploads\/2022\/01\/ilgottino-nostri-vini-scaled.jpg);background-repeat: no-repeat;\"><\/div><div class=\"l-section-h i-cf\"><div class=\"g-cols vc_row via_flex valign_middle type_default stacking_default\"><div class=\"vc_col-sm-6 wpb_column vc_column_container col-text\"><div class=\"vc_column-inner\"><div class=\"wpb_wrapper\"><div class=\"wpb_text_column\"><div class=\"wpb_wrapper\"><h1>Events and News<\/h1>\n<\/div><\/div><div class=\"w-html divider decoration-yellow\"><\/div><\/div><\/div><\/div><div class=\"vc_col-sm-6 wpb_column vc_column_container\"><div class=\"vc_column-inner\"><div class=\"wpb_wrapper\"><\/div><\/div><\/div><\/div><\/div><\/section><section class=\"l-section wpb_row section-news-eventi height_auto\"><div class=\"l-section-h i-cf\"><div class=\"g-cols vc_row via_flex valign_top type_default stacking_default\"><div class=\"vc_col-sm-12 wpb_column vc_column_container\"><div class=\"vc_column-inner\"><div class=\"wpb_wrapper\"><div class=\"w-grid us_grid type_grid layout_177 cols_3 valign_center pagination_regular preload_style_spinner with_css_animation\" id=\"us_grid_1\" style=\"--columns:3;--gap:1.5rem;\" data-filterable=\"true\"><style>@media (max-width:1024px){#us_grid_1{--columns:2!important}}@media (max-width:600px){#us_grid_1{--columns:1!important}}.layout_177 .w-grid-item-h{}.layout_177 .usg_post_date_1{color:#AAB47F!important}.layout_177 .usg_post_taxonomy_1{color:#ffffff!important;background:#AAB47F!important}.layout_177 .usg_btn_1{text-align:left!important}<\/style><div class=\"w-grid-list\">\t<article class=\"w-grid-item us_animate_fade size_1x1 post-697 post type-post status-publish format-standard has-post-thumbnail hentry category-news\" data-id=\"697\" style=\"animation-delay:0s\">\r\n\t\t<div class=\"w-grid-item-h\">\r\n\t\t\t\t\t\t<div class=\"w-vwrapper usg_vwrapper_1 grid-single-news-eventi align_none valign_top\"><div class=\"w-post-elm post_image usg_post_image_1 stretched\"><img decoding=\"async\" width=\"1024\" height=\"563\" src=\"https:\/\/www.ilgottino.it\/wp-content\/uploads\/2022\/01\/ilgottino-news-161-vendemmie-1024x563.jpg\" class=\"attachment-large size-large wp-post-image\" alt=\"ilgottino-vendemmie\" srcset=\"https:\/\/www.ilgottino.it\/wp-content\/uploads\/2022\/01\/ilgottino-news-161-vendemmie-1024x563.jpg 1024w, https:\/\/www.ilgottino.it\/wp-content\/uploads\/2022\/01\/ilgottino-news-161-vendemmie-300x165.jpg 300w, https:\/\/www.ilgottino.it\/wp-content\/uploads\/2022\/01\/ilgottino-news-161-vendemmie.jpg 1890w\" sizes=\"(max-width: 1024px) 100vw, 1024px\" \/><\/div><div class=\"w-hwrapper usg_hwrapper_1 align_none valign_top\"><div class=\"w-post-elm post_taxonomy usg_post_taxonomy_1 caveat-text has_text_color style_simple color_link_inherit\"><span class=\"term-18 term-news\">News<\/span><\/div><\/div><time class=\"w-post-elm post_date usg_post_date_1 caveat-text has_text_color entry-date published\" datetime=\"2022-01-31T17:57:12+01:00\">31 Jan 2022<\/time><h3 class=\"w-post-elm post_title usg_post_title_1 uppercase entry-title color_link_inherit\">161 harvests in one photo<\/h3><div class=\"w-post-elm post_content usg_post_content_1\">Today our grandmothers returned to the vineyard to relive, as every year, the same joy of the Nebbiolo harvest.<\/div><a class=\"w-btn us-btn-style_3 usg_btn_1\" href=\"https:\/\/www.ilgottino.it\/en\/news\/161-harvests-in-one-photo\/\"><span class=\"w-btn-label\">read more<\/span><\/a><\/div>\t\t<\/div>\r\n\t\t\t<\/article>\r\n\t<article class=\"w-grid-item us_animate_fade size_1x1 post-695 post type-post status-publish format-standard has-post-thumbnail hentry category-news\" data-id=\"695\" style=\"animation-delay:0.1s\">\r\n\t\t<div class=\"w-grid-item-h\">\r\n\t\t\t\t\t\t<div class=\"w-vwrapper usg_vwrapper_1 grid-single-news-eventi align_none valign_top\"><div class=\"w-post-elm post_image usg_post_image_1 stretched\"><img decoding=\"async\" width=\"1024\" height=\"563\" src=\"https:\/\/www.ilgottino.it\/wp-content\/uploads\/2021\/10\/gottino-nuovo-impianto-1024x563.jpg\" class=\"attachment-large size-large wp-post-image\" alt=\"gottino nuovo impianto\" srcset=\"https:\/\/www.ilgottino.it\/wp-content\/uploads\/2021\/10\/gottino-nuovo-impianto-1024x563.jpg 1024w, https:\/\/www.ilgottino.it\/wp-content\/uploads\/2021\/10\/gottino-nuovo-impianto-300x165.jpg 300w, https:\/\/www.ilgottino.it\/wp-content\/uploads\/2021\/10\/gottino-nuovo-impianto.jpg 1890w\" sizes=\"(max-width: 1024px) 100vw, 1024px\" \/><\/div><div class=\"w-hwrapper usg_hwrapper_1 align_none valign_top\"><div class=\"w-post-elm post_taxonomy usg_post_taxonomy_1 caveat-text has_text_color style_simple color_link_inherit\"><span class=\"term-18 term-news\">News<\/span><\/div><\/div><time class=\"w-post-elm post_date usg_post_date_1 caveat-text has_text_color entry-date published\" datetime=\"2021-10-30T18:03:42+02:00\">30 Oct 2021<\/time><h3 class=\"w-post-elm post_title usg_post_title_1 uppercase entry-title color_link_inherit\">New plant takes shape<\/h3><div class=\"w-post-elm post_content usg_post_content_1\">A new Nebbiolo vineyard is taking shape. stay tuned&#8230;<\/div><a class=\"w-btn us-btn-style_3 usg_btn_1\" href=\"https:\/\/www.ilgottino.it\/en\/news\/new-plant-takes-shape\/\"><span class=\"w-btn-label\">read more<\/span><\/a><\/div>\t\t<\/div>\r\n\t\t\t<\/article>\r\n\t<article class=\"w-grid-item us_animate_fade size_1x1 post-698 post type-post status-publish format-standard has-post-thumbnail hentry category-events\" data-id=\"698\" style=\"animation-delay:0.2s\">\r\n\t\t<div class=\"w-grid-item-h\">\r\n\t\t\t\t\t\t<div class=\"w-vwrapper usg_vwrapper_1 grid-single-news-eventi align_none valign_top\"><div class=\"w-post-elm post_image usg_post_image_1 stretched\"><img decoding=\"async\" width=\"1024\" height=\"965\" src=\"https:\/\/www.ilgottino.it\/wp-content\/uploads\/2022\/02\/Il-gottino-parlapa-rose-1024x965.jpg\" class=\"attachment-large size-large wp-post-image\" alt=\"Il-gottino-parlapa-rose\" srcset=\"https:\/\/www.ilgottino.it\/wp-content\/uploads\/2022\/02\/Il-gottino-parlapa-rose-1024x965.jpg 1024w, https:\/\/www.ilgottino.it\/wp-content\/uploads\/2022\/02\/Il-gottino-parlapa-rose-300x283.jpg 300w, https:\/\/www.ilgottino.it\/wp-content\/uploads\/2022\/02\/Il-gottino-parlapa-rose.jpg 1102w\" sizes=\"(max-width: 1024px) 100vw, 1024px\" \/><\/div><div class=\"w-hwrapper usg_hwrapper_1 align_none valign_top\"><div class=\"w-post-elm post_taxonomy usg_post_taxonomy_1 caveat-text has_text_color style_simple color_link_inherit\"><span class=\"term-17 term-events\">Events<\/span><\/div><\/div><time class=\"w-post-elm post_date usg_post_date_1 caveat-text has_text_color entry-date published\" datetime=\"2021-03-15T18:05:54+01:00\">15 Mar 2021<\/time><h3 class=\"w-post-elm post_title usg_post_title_1 uppercase entry-title color_link_inherit\">March 2021 &#8211; Parlap\u00e0 Ros\u00e8 is born<\/h3><div class=\"w-post-elm post_content usg_post_content_1\">Our classic ros\u00e9 method is on the market for the first time. Parlap\u00e0 Ros\u00e8 is made from Nebbiolo and Pinot Noir grapes after 36 months of bottle aging.<\/div><a class=\"w-btn us-btn-style_3 usg_btn_1\" href=\"https:\/\/www.ilgottino.it\/en\/events\/march-2021-parlapa-rose-is-born\/\"><span class=\"w-btn-label\">read more<\/span><\/a><\/div>\t\t<\/div>\r\n\t\t\t<\/article>\r\n<\/div>\t<div class=\"w-grid-preloader\">\r\n\t\t<div class=\"g-preloader type_1\">\r\n\t\t\t<div><\/div>\r\n\t\t<\/div>\r\n\t<\/div>\r\n\t\t<div class=\"w-grid-json hidden\" onclick='return {&quot;action&quot;:&quot;us_ajax_grid&quot;,&quot;infinite_scroll&quot;:0,&quot;max_num_pages&quot;:1,&quot;pagination&quot;:&quot;regular&quot;,&quot;template_vars&quot;:{&quot;columns&quot;:&quot;3&quot;,&quot;exclude_items&quot;:&quot;none&quot;,&quot;img_size&quot;:&quot;default&quot;,&quot;ignore_items_size&quot;:0,&quot;items_layout&quot;:&quot;177&quot;,&quot;items_offset&quot;:&quot;1&quot;,&quot;load_animation&quot;:&quot;fade&quot;,&quot;overriding_link&quot;:&quot;{\\&quot;url\\&quot;:\\&quot;\\&quot;}&quot;,&quot;post_id&quot;:0,&quot;query_args&quot;:{&quot;post_type&quot;:[&quot;post&quot;],&quot;tax_query&quot;:[{&quot;taxonomy&quot;:&quot;category&quot;,&quot;field&quot;:&quot;slug&quot;,&quot;terms&quot;:[&quot;eventi&quot;,&quot;news&quot;]}],&quot;post_status&quot;:[&quot;publish&quot;,&quot;acf-disabled&quot;],&quot;posts_per_page&quot;:&quot;6&quot;},&quot;orderby_query_args&quot;:{&quot;orderby&quot;:{&quot;date&quot;:&quot;DESC&quot;}},&quot;type&quot;:&quot;grid&quot;,&quot;us_grid_post_type&quot;:&quot;post&quot;,&quot;us_grid_ajax_index&quot;:1,&quot;us_grid_filter_query_string&quot;:null,&quot;us_grid_index&quot;:1,&quot;page_args&quot;:[],&quot;lang&quot;:&quot;en&quot;}}'><\/div>\r\n\t<\/div><\/div><\/div><\/div><\/div><\/div><\/section>\n","protected":false},"excerpt":{"rendered":"Our classic ros\u00e9 method is on the market for the first time. Parlap\u00e0 Ros\u00e8 is made from Nebbiolo and Pinot Noir grapes after 36 months of bottle aging.","protected":false},"author":1,"featured_media":0,"parent":0,"menu_order":0,"comment_status":"closed","ping_status":"closed","template":"","meta":{"_acf_changed":false,"footnotes":""},"class_list":["post-651","page","type-page","status-publish","hentry"],"acf":[],"yoast_head":"<!-- This site is optimized with the Yoast SEO plugin v27.3 - https:\/\/yoast.com\/product\/yoast-seo-wordpress\/ -->\n<title>Winery in Alba: news and events related to our wines | Il Gottino<\/title>\n<meta name=\"description\" content=\"All the events and news related to our winery in Santa Vittoria d&#039;Alba, Piedmont, and to our wine production. Read the latest news and stay updated.\" \/>\n<meta name=\"robots\" content=\"index, follow, max-snippet:-1, max-image-preview:large, max-video-preview:-1\" \/>\n<link rel=\"canonical\" href=\"https:\/\/www.ilgottino.it\/en\/events-and-news\/\" \/>\n<meta property=\"og:locale\" content=\"en_US\" \/>\n<meta property=\"og:type\" content=\"article\" \/>\n<meta property=\"og:title\" content=\"Winery in Alba: news and events related to our wines | Il Gottino\" \/>\n<meta property=\"og:description\" content=\"All the events and news related to our winery in Santa Vittoria d&#039;Alba, Piedmont, and to our wine production. Read the latest news and stay updated.\" \/>\n<meta property=\"og:url\" content=\"https:\/\/www.ilgottino.it\/en\/events-and-news\/\" \/>\n<meta property=\"og:site_name\" content=\"Il Gottino\" \/>\n<meta property=\"article:modified_time\" content=\"2022-05-02T13:34:45+00:00\" \/>\n<meta name=\"twitter:card\" content=\"summary_large_image\" \/>\n<meta name=\"twitter:label1\" content=\"Est. reading time\" \/>\n\t<meta name=\"twitter:data1\" content=\"1 minute\" \/>\n<script type=\"application\/ld+json\" class=\"yoast-schema-graph\">{\"@context\":\"https:\\\/\\\/schema.org\",\"@graph\":[{\"@type\":\"WebPage\",\"@id\":\"https:\\\/\\\/www.ilgottino.it\\\/en\\\/events-and-news\\\/\",\"url\":\"https:\\\/\\\/www.ilgottino.it\\\/en\\\/events-and-news\\\/\",\"name\":\"Winery in Alba: news and events related to our wines | Il Gottino\",\"isPartOf\":{\"@id\":\"https:\\\/\\\/www.ilgottino.it\\\/en\\\/#website\"},\"datePublished\":\"2022-01-25T11:52:44+00:00\",\"dateModified\":\"2022-05-02T13:34:45+00:00\",\"description\":\"All the events and news related to our winery in Santa Vittoria d'Alba, Piedmont, and to our wine production. Read the latest news and stay updated.\",\"breadcrumb\":{\"@id\":\"https:\\\/\\\/www.ilgottino.it\\\/en\\\/events-and-news\\\/#breadcrumb\"},\"inLanguage\":\"en-US\",\"potentialAction\":[{\"@type\":\"ReadAction\",\"target\":[\"https:\\\/\\\/www.ilgottino.it\\\/en\\\/events-and-news\\\/\"]}]},{\"@type\":\"BreadcrumbList\",\"@id\":\"https:\\\/\\\/www.ilgottino.it\\\/en\\\/events-and-news\\\/#breadcrumb\",\"itemListElement\":[{\"@type\":\"ListItem\",\"position\":1,\"name\":\"Home\",\"item\":\"https:\\\/\\\/www.ilgottino.it\\\/en\\\/\"},{\"@type\":\"ListItem\",\"position\":2,\"name\":\"Events and News\"}]},{\"@type\":\"WebSite\",\"@id\":\"https:\\\/\\\/www.ilgottino.it\\\/en\\\/#website\",\"url\":\"https:\\\/\\\/www.ilgottino.it\\\/en\\\/\",\"name\":\"Il Gottino\",\"description\":\"Un nuovo sito targato WordPress\",\"potentialAction\":[{\"@type\":\"SearchAction\",\"target\":{\"@type\":\"EntryPoint\",\"urlTemplate\":\"https:\\\/\\\/www.ilgottino.it\\\/en\\\/?s={search_term_string}\"},\"query-input\":{\"@type\":\"PropertyValueSpecification\",\"valueRequired\":true,\"valueName\":\"search_term_string\"}}],\"inLanguage\":\"en-US\"}]}<\/script>\n<!-- \/ Yoast SEO plugin. -->","yoast_head_json":{"title":"Winery in Alba: news and events related to our wines | Il Gottino","description":"All the events and news related to our winery in Santa Vittoria d'Alba, Piedmont, and to our wine production. Read the latest news and stay updated.","robots":{"index":"index","follow":"follow","max-snippet":"max-snippet:-1","max-image-preview":"max-image-preview:large","max-video-preview":"max-video-preview:-1"},"canonical":"https:\/\/www.ilgottino.it\/en\/events-and-news\/","og_locale":"en_US","og_type":"article","og_title":"Winery in Alba: news and events related to our wines | Il Gottino","og_description":"All the events and news related to our winery in Santa Vittoria d'Alba, Piedmont, and to our wine production. Read the latest news and stay updated.","og_url":"https:\/\/www.ilgottino.it\/en\/events-and-news\/","og_site_name":"Il Gottino","article_modified_time":"2022-05-02T13:34:45+00:00","twitter_card":"summary_large_image","twitter_misc":{"Est. reading time":"1 minute"},"schema":{"@context":"https:\/\/schema.org","@graph":[{"@type":"WebPage","@id":"https:\/\/www.ilgottino.it\/en\/events-and-news\/","url":"https:\/\/www.ilgottino.it\/en\/events-and-news\/","name":"Winery in Alba: news and events related to our wines | Il Gottino","isPartOf":{"@id":"https:\/\/www.ilgottino.it\/en\/#website"},"datePublished":"2022-01-25T11:52:44+00:00","dateModified":"2022-05-02T13:34:45+00:00","description":"All the events and news related to our winery in Santa Vittoria d'Alba, Piedmont, and to our wine production. Read the latest news and stay updated.","breadcrumb":{"@id":"https:\/\/www.ilgottino.it\/en\/events-and-news\/#breadcrumb"},"inLanguage":"en-US","potentialAction":[{"@type":"ReadAction","target":["https:\/\/www.ilgottino.it\/en\/events-and-news\/"]}]},{"@type":"BreadcrumbList","@id":"https:\/\/www.ilgottino.it\/en\/events-and-news\/#breadcrumb","itemListElement":[{"@type":"ListItem","position":1,"name":"Home","item":"https:\/\/www.ilgottino.it\/en\/"},{"@type":"ListItem","position":2,"name":"Events and News"}]},{"@type":"WebSite","@id":"https:\/\/www.ilgottino.it\/en\/#website","url":"https:\/\/www.ilgottino.it\/en\/","name":"Il Gottino","description":"Un nuovo sito targato WordPress","potentialAction":[{"@type":"SearchAction","target":{"@type":"EntryPoint","urlTemplate":"https:\/\/www.ilgottino.it\/en\/?s={search_term_string}"},"query-input":{"@type":"PropertyValueSpecification","valueRequired":true,"valueName":"search_term_string"}}],"inLanguage":"en-US"}]}},"_links":{"self":[{"href":"https:\/\/www.ilgottino.it\/en\/wp-json\/wp\/v2\/pages\/651","targetHints":{"allow":["GET"]}}],"collection":[{"href":"https:\/\/www.ilgottino.it\/en\/wp-json\/wp\/v2\/pages"}],"about":[{"href":"https:\/\/www.ilgottino.it\/en\/wp-json\/wp\/v2\/types\/page"}],"author":[{"embeddable":true,"href":"https:\/\/www.ilgottino.it\/en\/wp-json\/wp\/v2\/users\/1"}],"replies":[{"embeddable":true,"href":"https:\/\/www.ilgottino.it\/en\/wp-json\/wp\/v2\/comments?post=651"}],"version-history":[{"count":3,"href":"https:\/\/www.ilgottino.it\/en\/wp-json\/wp\/v2\/pages\/651\/revisions"}],"predecessor-version":[{"id":679,"href":"https:\/\/www.ilgottino.it\/en\/wp-json\/wp\/v2\/pages\/651\/revisions\/679"}],"wp:attachment":[{"href":"https:\/\/www.ilgottino.it\/en\/wp-json\/wp\/v2\/media?parent=651"}],"curies":[{"name":"wp","href":"https:\/\/api.w.org\/{rel}","templated":true}]}}